{"id":16,"date":"2013-01-19T20:44:44","date_gmt":"2013-01-19T18:44:44","guid":{"rendered":"http:\/\/www.iisalmenkalaklubi.net\/?page_id=16"},"modified":"2021-06-21T18:10:03","modified_gmt":"2021-06-21T15:10:03","slug":"hallitus","status":"publish","type":"page","link":"http:\/\/www.iisalmenkalaklubi.net\/?page_id=16","title":{"rendered":"Hallitus"},"content":{"rendered":"<p><strong>Kalaklubin hallitus 2021<\/strong><\/p>\n<pre>Puheenjohtaja: Jarmo M\u00e4k\u00e4r\u00e4inen 050- 517 3428\nVarapuheenjohtaja:\u00a0Jere R\u00f6nkk\u00f6 050-304 1935\nRahastonhoitaja: Ari Kolehmainen 050-306 0753\nSihteeri: Sami Poikonen 050-379 5492<\/pre>\n<p><strong>J\u00e4senet:<\/strong><\/p>\n<pre>Matti Inkil\u00e4inen\u00a0\u00a0044-027 2224\nPetri Rytk\u00f6nen\u00a0 044-088 3709\nJukka M\u00e4k\u00e4r\u00e4inen<\/pre>\n","protected":false},"excerpt":{"rendered":"<p>Kalaklubin hallitus 2021 Puheenjohtaja: Jarmo M\u00e4k\u00e4r\u00e4inen 050- 517 3428 Varapuheenjohtaja:\u00a0Jere R\u00f6nkk\u00f6 050-304 1935 Rahastonhoitaja: Ari Kolehmainen 050-306 0753 Sihteeri: Sami Poikonen 050-379 5492 J\u00e4senet: Matti Inkil\u00e4inen\u00a0\u00a0044-027 2224 Petri Rytk\u00f6nen\u00a0 044-088 3709 Jukka M\u00e4k\u00e4r\u00e4inen<\/p>\n","protected":false},"author":1,"featured_media":0,"parent":0,"menu_order":0,"comment_status":"closed","ping_status":"closed","template":"","meta":[],"_links":{"self":[{"href":"http:\/\/www.iisalmenkalaklubi.net\/index.php?rest_route=\/wp\/v2\/pages\/16"}],"collection":[{"href":"http:\/\/www.iisalmenkalaklubi.net\/index.php?rest_route=\/wp\/v2\/pages"}],"about":[{"href":"http:\/\/www.iisalmenkalaklubi.net\/index.php?rest_route=\/wp\/v2\/types\/page"}],"author":[{"embeddable":true,"href":"http:\/\/www.iisalmenkalaklubi.net\/index.php?rest_route=\/wp\/v2\/users\/1"}],"replies":[{"embeddable":true,"href":"http:\/\/www.iisalmenkalaklubi.net\/index.php?rest_route=%2Fwp%2Fv2%2Fcomments&post=16"}],"version-history":[{"count":21,"href":"http:\/\/www.iisalmenkalaklubi.net\/index.php?rest_route=\/wp\/v2\/pages\/16\/revisions"}],"predecessor-version":[{"id":570,"href":"http:\/\/www.iisalmenkalaklubi.net\/index.php?rest_route=\/wp\/v2\/pages\/16\/revisions\/570"}],"wp:attachment":[{"href":"http:\/\/www.iisalmenkalaklubi.net\/index.php?rest_route=%2Fwp%2Fv2%2Fmedia&parent=16"}],"curies":[{"name":"wp","href":"https:\/\/api.w.org\/{rel}","templated":true}]}}