{"id":285,"date":"2015-04-08T09:52:24","date_gmt":"2015-04-08T06:52:24","guid":{"rendered":"http:\/\/www.iisalmenkalaklubi.net\/?page_id=285"},"modified":"2015-04-08T09:52:56","modified_gmt":"2015-04-08T06:52:56","slug":"tulokset-2014","status":"publish","type":"page","link":"http:\/\/www.iisalmenkalaklubi.net\/?page_id=285","title":{"rendered":"Tulokset 2014"},"content":{"rendered":"<p>3.6. Kaikki j\u00e4rvet ja kalat iltakisa 18.00\u201322.00 + 15 min siirtym\u00e4 alussa: <a href=\"http:\/\/www.iisalmenkalaklubi.net\/wp-content\/uploads\/2014\/03\/140603_Tulokset1.pdf\" target=\"_blank\">140603_Tulokset<\/a><\/p>\n<p>7.6 Iisalmi Savonia Cup:in osakilpailu: <a href=\"http:\/\/www.iisalmenkalaklubi.net\/wp-content\/uploads\/2014\/03\/140607_Tulokset1.pdf\" target=\"_blank\">140607_Tulokset<\/a><\/p>\n<p>15.7 Kaikki j\u00e4rvet, Kuhakisa iltakisa 18.00\u201322.00 + 15 min siirtym\u00e4 alussa: <a href=\"http:\/\/www.iisalmenkalaklubi.net\/wp-content\/uploads\/2014\/03\/140715_Tulokset1.pdf\" target=\"_blank\">140715_Tulokset<\/a><\/p>\n<p>31.8 Kaikki j\u00e4rvet, l\u00e4ht\u00f6 satama 10.00\u201316.00 + 30 min siirtym\u00e4 alussa: <a href=\"http:\/\/www.iisalmenkalaklubi.net\/wp-content\/uploads\/2014\/03\/140815_Tulokset.pdf\" target=\"_blank\">140831_Tulokset<\/a><\/p>\n<p>7.9 Nerkoo, l\u00e4ht\u00f6 Hepokatti 10.00\u201316.00 + 30 min siirtym\u00e4 alussa: <a href=\"http:\/\/www.iisalmenkalaklubi.net\/wp-content\/uploads\/2014\/03\/140907_Tulokset.pdf\" target=\"_blank\">140907_Tulokset<\/a><\/p>\n","protected":false},"excerpt":{"rendered":"<p>3.6. Kaikki j\u00e4rvet ja kalat iltakisa 18.00\u201322.00 + 15 min siirtym\u00e4 alussa: 140603_Tulokset 7.6 Iisalmi Savonia Cup:in osakilpailu: 140607_Tulokset 15.7 Kaikki j\u00e4rvet, Kuhakisa iltakisa 18.00\u201322.00 + 15 min siirtym\u00e4 alussa: 140715_Tulokset 31.8 Kaikki j\u00e4rvet, l\u00e4ht\u00f6 satama 10.00\u201316.00 + 30 min &hellip;<\/p>\n<p class=\"read-more\"> <a class=\"more-link\" href=\"http:\/\/www.iisalmenkalaklubi.net\/?page_id=285\"> <span class=\"screen-reader-text\">Tulokset 2014<\/span> Lue lis\u00e4\u00e4 &raquo;<\/a><\/p>\n","protected":false},"author":3,"featured_media":0,"parent":37,"menu_order":0,"comment_status":"closed","ping_status":"closed","template":"","meta":[],"_links":{"self":[{"href":"http:\/\/www.iisalmenkalaklubi.net\/index.php?rest_route=\/wp\/v2\/pages\/285"}],"collection":[{"href":"http:\/\/www.iisalmenkalaklubi.net\/index.php?rest_route=\/wp\/v2\/pages"}],"about":[{"href":"http:\/\/www.iisalmenkalaklubi.net\/index.php?rest_route=\/wp\/v2\/types\/page"}],"author":[{"embeddable":true,"href":"http:\/\/www.iisalmenkalaklubi.net\/index.php?rest_route=\/wp\/v2\/users\/3"}],"replies":[{"embeddable":true,"href":"http:\/\/www.iisalmenkalaklubi.net\/index.php?rest_route=%2Fwp%2Fv2%2Fcomments&post=285"}],"version-history":[{"count":4,"href":"http:\/\/www.iisalmenkalaklubi.net\/index.php?rest_route=\/wp\/v2\/pages\/285\/revisions"}],"predecessor-version":[{"id":289,"href":"http:\/\/www.iisalmenkalaklubi.net\/index.php?rest_route=\/wp\/v2\/pages\/285\/revisions\/289"}],"up":[{"embeddable":true,"href":"http:\/\/www.iisalmenkalaklubi.net\/index.php?rest_route=\/wp\/v2\/pages\/37"}],"wp:attachment":[{"href":"http:\/\/www.iisalmenkalaklubi.net\/index.php?rest_route=%2Fwp%2Fv2%2Fmedia&parent=285"}],"curies":[{"name":"wp","href":"https:\/\/api.w.org\/{rel}","templated":true}]}}