{"id":31,"date":"2013-01-19T20:58:35","date_gmt":"2013-01-19T18:58:35","guid":{"rendered":"http:\/\/www.iisalmenkalaklubi.net\/?page_id=31"},"modified":"2021-06-21T18:11:06","modified_gmt":"2021-06-21T15:11:06","slug":"jasenille","status":"publish","type":"page","link":"http:\/\/www.iisalmenkalaklubi.net\/?page_id=31","title":{"rendered":"J\u00e4senille"},"content":{"rendered":"<p><strong>J\u00e4senmaksut vuodelle 2021:<\/strong><\/p>\n<p>\u2022 Aikuisj\u00e4sen 25 euroa<br \/>\n\u2022 Alle 18-vuotiailta nuorisoj\u00e4senilt\u00e4 ei perit\u00e4 j\u00e4senmaksua.<br \/>\n\u2022 Yli 65-vuotiaat siirtyv\u00e4t kunniaj\u00e4seniksi vuoden 2010 alusta. He ovat t\u00e4ten vapautettuja j\u00e4senmaksusta.<br \/>\n\u2022 Haluatko j\u00e4seneksi? Ota yhteytt\u00e4 Kalaklubin hallituksen j\u00e4seniin.<\/p>\n<p><b>J\u00e4senedut<\/b><\/p>\n<ul>\n<li>Marjahaan Autokatsastuksesta alennusta Kalaklubin j\u00e4senille.<br \/>\nKatso hinnasto ja muut tiedot:<a href=\"http:\/\/www.marjahaanautokatsastus.fi\/\" target=\"_blank\" rel=\"noopener noreferrer\">\u00a0Marjahaan Autokatsastus Oy<\/a><\/li>\n<\/ul>\n","protected":false},"excerpt":{"rendered":"<p>J\u00e4senmaksut vuodelle 2021: \u2022 Aikuisj\u00e4sen 25 euroa \u2022 Alle 18-vuotiailta nuorisoj\u00e4senilt\u00e4 ei perit\u00e4 j\u00e4senmaksua. \u2022 Yli 65-vuotiaat siirtyv\u00e4t kunniaj\u00e4seniksi vuoden 2010 alusta. He ovat t\u00e4ten vapautettuja j\u00e4senmaksusta. \u2022 Haluatko j\u00e4seneksi? Ota yhteytt\u00e4 Kalaklubin hallituksen j\u00e4seniin. J\u00e4senedut Marjahaan Autokatsastuksesta alennusta Kalaklubin &hellip;<\/p>\n<p class=\"read-more\"> <a class=\"more-link\" href=\"http:\/\/www.iisalmenkalaklubi.net\/?page_id=31\"> <span class=\"screen-reader-text\">J\u00e4senille<\/span> Lue lis\u00e4\u00e4 &raquo;<\/a><\/p>\n","protected":false},"author":1,"featured_media":0,"parent":0,"menu_order":0,"comment_status":"closed","ping_status":"closed","template":"","meta":[],"_links":{"self":[{"href":"http:\/\/www.iisalmenkalaklubi.net\/index.php?rest_route=\/wp\/v2\/pages\/31"}],"collection":[{"href":"http:\/\/www.iisalmenkalaklubi.net\/index.php?rest_route=\/wp\/v2\/pages"}],"about":[{"href":"http:\/\/www.iisalmenkalaklubi.net\/index.php?rest_route=\/wp\/v2\/types\/page"}],"author":[{"embeddable":true,"href":"http:\/\/www.iisalmenkalaklubi.net\/index.php?rest_route=\/wp\/v2\/users\/1"}],"replies":[{"embeddable":true,"href":"http:\/\/www.iisalmenkalaklubi.net\/index.php?rest_route=%2Fwp%2Fv2%2Fcomments&post=31"}],"version-history":[{"count":15,"href":"http:\/\/www.iisalmenkalaklubi.net\/index.php?rest_route=\/wp\/v2\/pages\/31\/revisions"}],"predecessor-version":[{"id":571,"href":"http:\/\/www.iisalmenkalaklubi.net\/index.php?rest_route=\/wp\/v2\/pages\/31\/revisions\/571"}],"wp:attachment":[{"href":"http:\/\/www.iisalmenkalaklubi.net\/index.php?rest_route=%2Fwp%2Fv2%2Fmedia&parent=31"}],"curies":[{"name":"wp","href":"https:\/\/api.w.org\/{rel}","templated":true}]}}